{"id":29152,"date":"2023-12-08T16:24:48","date_gmt":"2023-12-08T15:24:48","guid":{"rendered":"https:\/\/ulmaco.ch\/?page_id=29152"},"modified":"2025-02-11T18:32:45","modified_gmt":"2025-02-11T17:32:45","slug":"lig","status":"publish","type":"page","link":"https:\/\/ulmaco.ch\/en\/lig\/","title":{"rendered":"LIG"},"content":{"rendered":"<div data-elementor-type=\"wp-page\" data-elementor-id=\"29152\" class=\"elementor elementor-29152\" data-elementor-post-type=\"page\">\n\t\t\t\t<div class=\"elementor-element elementor-element-4be62f6 e-flex e-con-boxed e-con e-parent\" data-id=\"4be62f6\" data-element_type=\"container\" data-e-type=\"container\">\n\t\t\t\t\t<div class=\"e-con-inner\">\n\t\t\t\t<div class=\"elementor-element elementor-element-c4992fd elementor-widget__width-initial elementor-widget elementor-widget-heading\" data-id=\"c4992fd\" data-element_type=\"widget\" data-e-type=\"widget\" data-widget_type=\"heading.default\">\n\t\t\t\t<div class=\"elementor-widget-container\">\n\t\t\t\t\t<h5 class=\"elementor-heading-title elementor-size-default\">Wire ties<\/h5>\t\t\t\t<\/div>\n\t\t\t\t<\/div>\n\t\t\t\t\t<\/div>\n\t\t\t\t<\/div>\n\t\t<div class=\"elementor-element elementor-element-2bdfc2a e-flex e-con-boxed e-con e-parent\" data-id=\"2bdfc2a\" data-element_type=\"container\" data-e-type=\"container\">\n\t\t\t\t\t<div class=\"e-con-inner\">\n\t\t\t\t<div class=\"elementor-element elementor-element-4b33106 e-n-tabs-mobile elementor-widget elementor-widget-n-tabs\" data-id=\"4b33106\" data-element_type=\"widget\" data-e-type=\"widget\" data-widget_type=\"nested-tabs.default\">\n\t\t\t\t<div class=\"elementor-widget-container\">\n\t\t\t\t\t\t\t<div class=\"e-n-tabs\" data-widget-number=\"78852358\" aria-label=\"Onglets. Ouvrez des \u00e9l\u00e9ments avec Entrer ou Espace, fermez-les avec Echape et naviguez \u00e0 l&#039;aide des touches fl\u00e9ch\u00e9es.\">\n\t\t\t<div class=\"e-n-tabs-heading\" role=\"tablist\">\n\t\t\t\t\t<button id=\"e-n-tab-title-788523581\" data-tab-title-id=\"e-n-tab-title-788523581\" class=\"e-n-tab-title\" aria-selected=\"true\" data-tab-index=\"1\" role=\"tab\" tabindex=\"0\" aria-controls=\"e-n-tab-content-788523581\" style=\"--n-tabs-title-order: 1;\">\n\t\t\t\t\t\t<span class=\"e-n-tab-title-text\">\n\t\t\t\t\t\t\t<\/span>\n\t\t<\/button>\n\t\t\t\t<button id=\"e-n-tab-title-788523582\" data-tab-title-id=\"e-n-tab-title-788523582\" class=\"e-n-tab-title\" aria-selected=\"false\" data-tab-index=\"2\" role=\"tab\" tabindex=\"-1\" aria-controls=\"e-n-tab-content-788523582\" style=\"--n-tabs-title-order: 2;\">\n\t\t\t\t\t\t<span class=\"e-n-tab-title-text\">\n\t\t\t\tStandard program\t\t\t<\/span>\n\t\t<\/button>\n\t\t\t\t<button id=\"e-n-tab-title-788523583\" data-tab-title-id=\"e-n-tab-title-788523583\" class=\"e-n-tab-title\" aria-selected=\"false\" data-tab-index=\"3\" role=\"tab\" tabindex=\"-1\" aria-controls=\"e-n-tab-content-788523583\" style=\"--n-tabs-title-order: 3;\">\n\t\t\t\t\t\t<span class=\"e-n-tab-title-text\">\n\t\t\t\tPrice list\t\t\t<\/span>\n\t\t<\/button>\n\t\t\t\t<button id=\"e-n-tab-title-788523584\" data-tab-title-id=\"e-n-tab-title-788523584\" class=\"e-n-tab-title\" aria-selected=\"false\" data-tab-index=\"4\" role=\"tab\" tabindex=\"-1\" aria-controls=\"e-n-tab-content-788523584\" style=\"--n-tabs-title-order: 4;\">\n\t\t\t\t\t\t<span class=\"e-n-tab-title-text\">\n\t\t\t\tPhotos\t\t\t<\/span>\n\t\t<\/button>\n\t\t\t\t\t<\/div>\n\t\t\t<div class=\"e-n-tabs-content\">\n\t\t\t\t<div id=\"e-n-tab-content-788523581\" role=\"tabpanel\" aria-labelledby=\"e-n-tab-title-788523581\" data-tab-index=\"1\" style=\"--n-tabs-title-order: 1;\" class=\"e-active elementor-element elementor-element-2814ea6 e-con-full e-flex e-con e-child\" data-id=\"2814ea6\" data-element_type=\"container\" data-e-type=\"container\">\n\t\t\t\t<div class=\"elementor-element elementor-element-32b44c7 elementor-widget elementor-widget-image\" data-id=\"32b44c7\" data-element_type=\"widget\" data-e-type=\"widget\" data-widget_type=\"image.default\">\n\t\t\t\t<div class=\"elementor-widget-container\">\n\t\t\t\t\t\t\t\t\t\t\t\t\t\t\t<img fetchpriority=\"high\" decoding=\"async\" width=\"800\" height=\"640\" src=\"https:\/\/ulmaco.ch\/wp-content\/uploads\/2023\/12\/image-40.jpeg\" class=\"attachment-full size-full wp-image-29153\" alt=\"\" srcset=\"https:\/\/ulmaco.ch\/wp-content\/uploads\/2023\/12\/image-40.jpeg 800w, https:\/\/ulmaco.ch\/wp-content\/uploads\/2023\/12\/image-40-300x240.jpeg 300w, https:\/\/ulmaco.ch\/wp-content\/uploads\/2023\/12\/image-40-768x614.jpeg 768w\" sizes=\"(max-width: 800px) 100vw, 800px\" \/>\t\t\t\t\t\t\t\t\t\t\t\t\t\t\t<\/div>\n\t\t\t\t<\/div>\n\t\t\t\t<\/div>\n\t\t<div id=\"e-n-tab-content-788523582\" role=\"tabpanel\" aria-labelledby=\"e-n-tab-title-788523582\" data-tab-index=\"2\" style=\"--n-tabs-title-order: 2;\" class=\"elementor-element elementor-element-f07e052 e-con-full e-flex e-con e-child\" data-id=\"f07e052\" data-element_type=\"container\" data-e-type=\"container\">\n\t\t\t\t<div class=\"elementor-element elementor-element-ce1dd00 elementor-widget elementor-widget-template\" data-id=\"ce1dd00\" data-element_type=\"widget\" data-e-type=\"widget\" data-widget_type=\"template.default\">\n\t\t\t\t<div class=\"elementor-widget-container\">\n\t\t\t\t\t\t\t<div class=\"elementor-template\">\n\t\t\t\t\t<div data-elementor-type=\"section\" data-elementor-id=\"29256\" class=\"elementor elementor-29256\" data-elementor-post-type=\"elementor_library\">\n\t\t\t<div class=\"elementor-element elementor-element-61022ad9 e-con-full e-flex e-con e-parent\" data-id=\"61022ad9\" data-element_type=\"container\" data-e-type=\"container\">\n\t\t<div class=\"elementor-element elementor-element-21db2502 e-con-full e-flex e-con e-child\" data-id=\"21db2502\" data-element_type=\"container\" data-e-type=\"container\">\n\t\t\t\t<div class=\"elementor-element elementor-element-3ce1ca34 elementor-widget elementor-widget-heading\" data-id=\"3ce1ca34\" data-element_type=\"widget\" data-e-type=\"widget\" data-widget_type=\"heading.default\">\n\t\t\t\t<div class=\"elementor-widget-container\">\n\t\t\t\t\t<p class=\"elementor-heading-title elementor-size-default\">Single copper-plated ties<\/p>\t\t\t\t<\/div>\n\t\t\t\t<\/div>\n\t\t<div class=\"elementor-element elementor-element-b62577d e-flex e-con-boxed e-con e-child\" data-id=\"b62577d\" data-element_type=\"container\" data-e-type=\"container\">\n\t\t\t\t\t<div class=\"e-con-inner\">\n\t\t\t\t<div class=\"elementor-element elementor-element-84428ed elementor-widget elementor-widget-image\" data-id=\"84428ed\" data-element_type=\"widget\" data-e-type=\"widget\" data-widget_type=\"image.default\">\n\t\t\t\t<div class=\"elementor-widget-container\">\n\t\t\t\t\t\t\t\t\t\t\t\t\t\t\t<img decoding=\"async\" width=\"165\" height=\"89\" src=\"https:\/\/ulmaco.ch\/wp-content\/uploads\/2023\/12\/image-76.jpeg\" class=\"attachment-full size-full wp-image-29257\" alt=\"\" \/>\t\t\t\t\t\t\t\t\t\t\t\t\t\t\t<\/div>\n\t\t\t\t<\/div>\n\t\t\t\t<div class=\"elementor-element elementor-element-f6a5d58 elementor-widget__width-initial elementor-widget elementor-widget-image\" data-id=\"f6a5d58\" data-element_type=\"widget\" data-e-type=\"widget\" data-widget_type=\"image.default\">\n\t\t\t\t<div class=\"elementor-widget-container\">\n\t\t\t\t\t\t\t\t\t\t\t\t\t\t\t\t<a href=\"http:\/\/ulmaco.ch\/en\/pdf\/LIG-CUI.pdf\/\" target=\"_blank\">\n\t\t\t\t\t\t\t<img decoding=\"async\" width=\"620\" height=\"800\" src=\"https:\/\/ulmaco.ch\/wp-content\/uploads\/2023\/12\/ulmaco_PDF-R.svg\" class=\"attachment-full size-full wp-image-29436\" alt=\"\" \/>\t\t\t\t\t\t\t\t<\/a>\n\t\t\t\t\t\t\t\t\t\t\t\t\t\t\t<\/div>\n\t\t\t\t<\/div>\n\t\t\t\t\t<\/div>\n\t\t\t\t<\/div>\n\t\t\t\t<\/div>\n\t\t<div class=\"elementor-element elementor-element-6ae6a8e1 e-con-full e-flex e-con e-child\" data-id=\"6ae6a8e1\" data-element_type=\"container\" data-e-type=\"container\">\n\t\t\t\t<div class=\"elementor-element elementor-element-7e0c27a6 elementor-widget elementor-widget-heading\" data-id=\"7e0c27a6\" data-element_type=\"widget\" data-e-type=\"widget\" data-widget_type=\"heading.default\">\n\t\t\t\t<div class=\"elementor-widget-container\">\n\t\t\t\t\t<p class=\"elementor-heading-title elementor-size-default\">Double copper-plated ties<\/p>\t\t\t\t<\/div>\n\t\t\t\t<\/div>\n\t\t<div class=\"elementor-element elementor-element-6554e569 e-flex e-con-boxed e-con e-child\" data-id=\"6554e569\" data-element_type=\"container\" data-e-type=\"container\">\n\t\t\t\t\t<div class=\"e-con-inner\">\n\t\t\t\t<div class=\"elementor-element elementor-element-3e9e7062 elementor-widget elementor-widget-image\" data-id=\"3e9e7062\" data-element_type=\"widget\" data-e-type=\"widget\" data-widget_type=\"image.default\">\n\t\t\t\t<div class=\"elementor-widget-container\">\n\t\t\t\t\t\t\t\t\t\t\t\t\t\t\t<img loading=\"lazy\" decoding=\"async\" width=\"165\" height=\"89\" src=\"https:\/\/ulmaco.ch\/wp-content\/uploads\/2023\/12\/image-77.jpeg\" class=\"attachment-full size-full wp-image-29258\" alt=\"\" \/>\t\t\t\t\t\t\t\t\t\t\t\t\t\t\t<\/div>\n\t\t\t\t<\/div>\n\t\t\t\t<div class=\"elementor-element elementor-element-a82c17f elementor-widget__width-initial elementor-widget elementor-widget-image\" data-id=\"a82c17f\" data-element_type=\"widget\" data-e-type=\"widget\" data-widget_type=\"image.default\">\n\t\t\t\t<div class=\"elementor-widget-container\">\n\t\t\t\t\t\t\t\t\t\t\t\t\t\t\t\t<a href=\"http:\/\/ulmaco.ch\/en\/pdf\/LIG-DB.pdf\/\" target=\"_blank\">\n\t\t\t\t\t\t\t<img decoding=\"async\" width=\"620\" height=\"800\" src=\"https:\/\/ulmaco.ch\/wp-content\/uploads\/2023\/12\/ulmaco_PDF-R.svg\" class=\"attachment-full size-full wp-image-29436\" alt=\"\" \/>\t\t\t\t\t\t\t\t<\/a>\n\t\t\t\t\t\t\t\t\t\t\t\t\t\t\t<\/div>\n\t\t\t\t<\/div>\n\t\t\t\t\t<\/div>\n\t\t\t\t<\/div>\n\t\t\t\t<\/div>\n\t\t\t\t<\/div>\n\t\t\t\t<\/div>\n\t\t\t\t<\/div>\n\t\t\t\t\t\t<\/div>\n\t\t\t\t<\/div>\n\t\t\t\t<\/div>\n\t\t<div id=\"e-n-tab-content-788523583\" role=\"tabpanel\" aria-labelledby=\"e-n-tab-title-788523583\" data-tab-index=\"3\" style=\"--n-tabs-title-order: 3;\" class=\"elementor-element elementor-element-9ae60e9 e-flex e-con-boxed e-con e-child\" data-id=\"9ae60e9\" data-element_type=\"container\" data-e-type=\"container\">\n\t\t\t\t\t<div class=\"e-con-inner\">\n\t\t\t\t<div class=\"elementor-element elementor-element-d9ae6ad elementor-widget elementor-widget-template\" data-id=\"d9ae6ad\" data-element_type=\"widget\" data-e-type=\"widget\" data-widget_type=\"template.default\">\n\t\t\t\t<div class=\"elementor-widget-container\">\n\t\t\t\t\t\t\t<div class=\"elementor-template\">\n\t\t\t\t\t<div data-elementor-type=\"section\" data-elementor-id=\"29266\" class=\"elementor elementor-29266\" data-elementor-post-type=\"elementor_library\">\n\t\t\t<div class=\"elementor-element elementor-element-6e3e72c8 e-con-full e-flex e-con e-parent\" data-id=\"6e3e72c8\" data-element_type=\"container\" data-e-type=\"container\">\n\t\t<div class=\"elementor-element elementor-element-3dbc0602 e-con-full e-flex e-con e-child\" data-id=\"3dbc0602\" data-element_type=\"container\" data-e-type=\"container\">\n\t\t\t\t<div class=\"elementor-element elementor-element-26601bd9 elementor-widget elementor-widget-heading\" data-id=\"26601bd9\" data-element_type=\"widget\" data-e-type=\"widget\" data-widget_type=\"heading.default\">\n\t\t\t\t<div class=\"elementor-widget-container\">\n\t\t\t\t\t<p class=\"elementor-heading-title elementor-size-default\">Price increases<\/p>\t\t\t\t<\/div>\n\t\t\t\t<\/div>\n\t\t\t\t<div class=\"elementor-element elementor-element-97ea069 elementor-widget__width-initial elementor-widget elementor-widget-image\" data-id=\"97ea069\" data-element_type=\"widget\" data-e-type=\"widget\" data-widget_type=\"image.default\">\n\t\t\t\t<div class=\"elementor-widget-container\">\n\t\t\t\t\t\t\t\t\t\t\t\t\t\t\t\t<a href=\"http:\/\/ulmaco.ch\/en\/pdf\/hausses.pdf\/\" target=\"_blank\">\n\t\t\t\t\t\t\t<img decoding=\"async\" width=\"620\" height=\"800\" src=\"https:\/\/ulmaco.ch\/wp-content\/uploads\/2023\/12\/ulmaco_PDF-R.svg\" class=\"attachment-full size-full wp-image-29436\" alt=\"\" \/>\t\t\t\t\t\t\t\t<\/a>\n\t\t\t\t\t\t\t\t\t\t\t\t\t\t\t<\/div>\n\t\t\t\t<\/div>\n\t\t\t\t<\/div>\n\t\t<div class=\"elementor-element elementor-element-15d7dd43 e-con-full elementor-hidden-desktop elementor-hidden-tablet elementor-hidden-mobile e-flex e-con e-child\" data-id=\"15d7dd43\" data-element_type=\"container\" data-e-type=\"container\">\n\t\t\t\t<div class=\"elementor-element elementor-element-2f60dcae elementor-widget elementor-widget-heading\" data-id=\"2f60dcae\" data-element_type=\"widget\" data-e-type=\"widget\" data-widget_type=\"heading.default\">\n\t\t\t\t<div class=\"elementor-widget-container\">\n\t\t\t\t\t<p class=\"elementor-heading-title elementor-size-default\">Price list<\/p>\t\t\t\t<\/div>\n\t\t\t\t<\/div>\n\t\t<div class=\"elementor-element elementor-element-5e3cb570 e-flex e-con-boxed e-con e-child\" data-id=\"5e3cb570\" data-element_type=\"container\" data-e-type=\"container\">\n\t\t\t\t\t<div class=\"e-con-inner\">\n\t\t\t\t<div class=\"elementor-element elementor-element-47508061 elementor-view-default elementor-widget elementor-widget-icon\" data-id=\"47508061\" data-element_type=\"widget\" data-e-type=\"widget\" data-widget_type=\"icon.default\">\n\t\t\t\t<div class=\"elementor-widget-container\">\n\t\t\t\t\t\t\t<div class=\"elementor-icon-wrapper\">\n\t\t\t<a class=\"elementor-icon\" href=\"http:\/\/ulmaco.ch\/en\/pdf\/\" target=\"_blank\">\n\t\t\t<i aria-hidden=\"true\" class=\"far fa-file-pdf\"><\/i>\t\t\t<\/a>\n\t\t<\/div>\n\t\t\t\t\t\t<\/div>\n\t\t\t\t<\/div>\n\t\t\t\t\t<\/div>\n\t\t\t\t<\/div>\n\t\t\t\t<\/div>\n\t\t\t\t<\/div>\n\t\t\t\t<\/div>\n\t\t\t\t<\/div>\n\t\t\t\t\t\t<\/div>\n\t\t\t\t<\/div>\n\t\t\t\t\t<\/div>\n\t\t\t\t<\/div>\n\t\t<div id=\"e-n-tab-content-788523584\" role=\"tabpanel\" aria-labelledby=\"e-n-tab-title-788523584\" data-tab-index=\"4\" style=\"--n-tabs-title-order: 4;\" class=\"elementor-element elementor-element-14a4053 e-flex e-con-boxed e-con e-child\" data-id=\"14a4053\" data-element_type=\"container\" data-e-type=\"container\">\n\t\t\t\t\t<div class=\"e-con-inner\">\n\t\t\t\t<div class=\"elementor-element elementor-element-3225f1d elementor-widget elementor-widget-template\" data-id=\"3225f1d\" data-element_type=\"widget\" data-e-type=\"widget\" data-widget_type=\"template.default\">\n\t\t\t\t<div class=\"elementor-widget-container\">\n\t\t\t\t\t\t\t<div class=\"elementor-template\">\n\t\t\t\t\t<div data-elementor-type=\"section\" data-elementor-id=\"29268\" class=\"elementor elementor-29268\" data-elementor-post-type=\"elementor_library\">\n\t\t\t<div class=\"elementor-element elementor-element-4c087a14 e-con-full e-flex e-con e-parent\" data-id=\"4c087a14\" data-element_type=\"container\" data-e-type=\"container\">\n\t\t\t\t<div class=\"elementor-element elementor-element-2eab0d83 elementor-widget elementor-widget-gallery\" data-id=\"2eab0d83\" data-element_type=\"widget\" data-e-type=\"widget\" data-settings=\"{&quot;columns&quot;:2,&quot;lazyload&quot;:&quot;yes&quot;,&quot;gallery_layout&quot;:&quot;grid&quot;,&quot;columns_tablet&quot;:2,&quot;columns_mobile&quot;:1,&quot;gap&quot;:{&quot;unit&quot;:&quot;px&quot;,&quot;size&quot;:10,&quot;sizes&quot;:[]},&quot;gap_tablet&quot;:{&quot;unit&quot;:&quot;px&quot;,&quot;size&quot;:10,&quot;sizes&quot;:[]},&quot;gap_mobile&quot;:{&quot;unit&quot;:&quot;px&quot;,&quot;size&quot;:10,&quot;sizes&quot;:[]},&quot;link_to&quot;:&quot;file&quot;,&quot;aspect_ratio&quot;:&quot;3:2&quot;,&quot;overlay_background&quot;:&quot;yes&quot;,&quot;content_hover_animation&quot;:&quot;fade-in&quot;}\" data-widget_type=\"gallery.default\">\n\t\t\t\t<div class=\"elementor-widget-container\">\n\t\t\t\t\t\t\t<div class=\"elementor-gallery__container\">\n\t\t\t\t\t\t\t<a class=\"e-gallery-item elementor-gallery-item elementor-animated-content\" href=\"https:\/\/ulmaco.ch\/wp-content\/uploads\/2023\/12\/image-78.jpeg\" data-elementor-open-lightbox=\"yes\" data-elementor-lightbox-slideshow=\"2eab0d83\" data-e-action-hash=\"#elementor-action%3Aaction%3Dlightbox%26settings%3DeyJpZCI6MjkyNjksInVybCI6Imh0dHBzOlwvXC91bG1hY28uY2hcL3dwLWNvbnRlbnRcL3VwbG9hZHNcLzIwMjNcLzEyXC9pbWFnZS03OC5qcGVnIiwic2xpZGVzaG93IjoiMmVhYjBkODMifQ%3D%3D\">\n\t\t\t\t\t<div class=\"e-gallery-image elementor-gallery-item__image\" data-thumbnail=\"https:\/\/ulmaco.ch\/wp-content\/uploads\/2023\/12\/image-78.jpeg\" data-width=\"800\" data-height=\"800\" aria-label=\"\" role=\"img\" ><\/div>\n\t\t\t\t\t\t\t\t\t\t\t<div class=\"elementor-gallery-item__overlay\"><\/div>\n\t\t\t\t\t\t\t\t\t\t\t\t\t\t<\/a>\n\t\t\t\t\t\t\t<a class=\"e-gallery-item elementor-gallery-item elementor-animated-content\" href=\"https:\/\/ulmaco.ch\/wp-content\/uploads\/2023\/12\/image-79.jpeg\" data-elementor-open-lightbox=\"yes\" data-elementor-lightbox-slideshow=\"2eab0d83\" data-e-action-hash=\"#elementor-action%3Aaction%3Dlightbox%26settings%3DeyJpZCI6MjkyNzAsInVybCI6Imh0dHBzOlwvXC91bG1hY28uY2hcL3dwLWNvbnRlbnRcL3VwbG9hZHNcLzIwMjNcLzEyXC9pbWFnZS03OS5qcGVnIiwic2xpZGVzaG93IjoiMmVhYjBkODMifQ%3D%3D\">\n\t\t\t\t\t<div class=\"e-gallery-image elementor-gallery-item__image\" data-thumbnail=\"https:\/\/ulmaco.ch\/wp-content\/uploads\/2023\/12\/image-79.jpeg\" data-width=\"800\" data-height=\"800\" aria-label=\"\" role=\"img\" ><\/div>\n\t\t\t\t\t\t\t\t\t\t\t<div class=\"elementor-gallery-item__overlay\"><\/div>\n\t\t\t\t\t\t\t\t\t\t\t\t\t\t<\/a>\n\t\t\t\t\t\t\t<a class=\"e-gallery-item elementor-gallery-item elementor-animated-content\" href=\"https:\/\/ulmaco.ch\/wp-content\/uploads\/2023\/12\/image-80.jpeg\" data-elementor-open-lightbox=\"yes\" data-elementor-lightbox-slideshow=\"2eab0d83\" data-e-action-hash=\"#elementor-action%3Aaction%3Dlightbox%26settings%3DeyJpZCI6MjkyNzEsInVybCI6Imh0dHBzOlwvXC91bG1hY28uY2hcL3dwLWNvbnRlbnRcL3VwbG9hZHNcLzIwMjNcLzEyXC9pbWFnZS04MC5qcGVnIiwic2xpZGVzaG93IjoiMmVhYjBkODMifQ%3D%3D\">\n\t\t\t\t\t<div class=\"e-gallery-image elementor-gallery-item__image\" data-thumbnail=\"https:\/\/ulmaco.ch\/wp-content\/uploads\/2023\/12\/image-80.jpeg\" data-width=\"800\" data-height=\"800\" aria-label=\"\" role=\"img\" ><\/div>\n\t\t\t\t\t\t\t\t\t\t\t<div class=\"elementor-gallery-item__overlay\"><\/div>\n\t\t\t\t\t\t\t\t\t\t\t\t\t\t<\/a>\n\t\t\t\t\t\t\t<a class=\"e-gallery-item elementor-gallery-item elementor-animated-content\" href=\"https:\/\/ulmaco.ch\/wp-content\/uploads\/2023\/12\/image-81.jpeg\" data-elementor-open-lightbox=\"yes\" data-elementor-lightbox-slideshow=\"2eab0d83\" data-e-action-hash=\"#elementor-action%3Aaction%3Dlightbox%26settings%3DeyJpZCI6MjkyNzIsInVybCI6Imh0dHBzOlwvXC91bG1hY28uY2hcL3dwLWNvbnRlbnRcL3VwbG9hZHNcLzIwMjNcLzEyXC9pbWFnZS04MS5qcGVnIiwic2xpZGVzaG93IjoiMmVhYjBkODMifQ%3D%3D\">\n\t\t\t\t\t<div class=\"e-gallery-image elementor-gallery-item__image\" data-thumbnail=\"https:\/\/ulmaco.ch\/wp-content\/uploads\/2023\/12\/image-81.jpeg\" data-width=\"800\" data-height=\"800\" aria-label=\"\" role=\"img\" ><\/div>\n\t\t\t\t\t\t\t\t\t\t\t<div class=\"elementor-gallery-item__overlay\"><\/div>\n\t\t\t\t\t\t\t\t\t\t\t\t\t\t<\/a>\n\t\t\t\t\t<\/div>\n\t\t\t\t\t<\/div>\n\t\t\t\t<\/div>\n\t\t\t\t<\/div>\n\t\t\t\t<\/div>\n\t\t\t\t<\/div>\n\t\t\t\t\t\t<\/div>\n\t\t\t\t<\/div>\n\t\t\t\t\t<\/div>\n\t\t\t\t<\/div>\n\t\t\t\t\t<\/div>\n\t\t<\/div>\n\t\t\t\t\t\t<\/div>\n\t\t\t\t<\/div>\n\t\t\t\t\t<\/div>\n\t\t\t\t<\/div>\n\t\t\t\t<\/div>","protected":false},"excerpt":{"rendered":"<p>Ligatures Programme standard Liste de prix Photos Ligatures cuivr\u00e9es simples Ligatures cuivr\u00e9es doubles Hausse de rench\u00e9rissement Liste de prix<\/p>","protected":false},"author":1,"featured_media":0,"parent":0,"menu_order":0,"comment_status":"closed","ping_status":"closed","template":"","meta":{"footnotes":""},"class_list":["post-29152","page","type-page","status-publish","hentry"],"_links":{"self":[{"href":"https:\/\/ulmaco.ch\/en\/wp-json\/wp\/v2\/pages\/29152","targetHints":{"allow":["GET"]}}],"collection":[{"href":"https:\/\/ulmaco.ch\/en\/wp-json\/wp\/v2\/pages"}],"about":[{"href":"https:\/\/ulmaco.ch\/en\/wp-json\/wp\/v2\/types\/page"}],"author":[{"embeddable":true,"href":"https:\/\/ulmaco.ch\/en\/wp-json\/wp\/v2\/users\/1"}],"replies":[{"embeddable":true,"href":"https:\/\/ulmaco.ch\/en\/wp-json\/wp\/v2\/comments?post=29152"}],"version-history":[{"count":21,"href":"https:\/\/ulmaco.ch\/en\/wp-json\/wp\/v2\/pages\/29152\/revisions"}],"predecessor-version":[{"id":29616,"href":"https:\/\/ulmaco.ch\/en\/wp-json\/wp\/v2\/pages\/29152\/revisions\/29616"}],"wp:attachment":[{"href":"https:\/\/ulmaco.ch\/en\/wp-json\/wp\/v2\/media?parent=29152"}],"curies":[{"name":"wp","href":"https:\/\/api.w.org\/{rel}","templated":true}]}}